{"id":2373,"date":"2025-09-22T12:27:07","date_gmt":"2025-09-22T12:27:07","guid":{"rendered":"https:\/\/sweetsalt.productions\/doi-ngu\/"},"modified":"2025-11-02T17:07:48","modified_gmt":"2025-11-02T17:07:48","slug":"doi-ngu","status":"publish","type":"page","link":"https:\/\/sweetsalt.productions\/vi\/doi-ngu\/","title":{"rendered":"\u0110\u1ed9i ng\u0169"},"content":{"rendered":"<style>.elementor-2373 .elementor-element.elementor-element-e261f79{--display:flex;--min-height:85vh;--flex-direction:column;--container-widget-width:100%;--container-widget-height:initial;--container-widget-flex-grow:0;--container-widget-align-self:initial;--flex-wrap-mobile:wrap;--gap:0px 0px;--row-gap:0px;--column-gap:0px;--margin-top:0px;--margin-bottom:0px;--margin-left:0px;--margin-right:0px;--padding-top:0px;--padding-bottom:0px;--padding-left:0px;--padding-right:0px;overflow:visible;}.elementor-2373 .elementor-element.elementor-element-d932236 .jeg-elementor-kit.jkit-portfolio-gallery .row-item{-ms-flex:0 0 calc(100% \/ 4);flex:0 0 calc(100% \/ 4);max-width:calc(100% \/ 4);}.elementor-2373 .elementor-element.elementor-element-d932236 .jeg-elementor-kit.jkit-portfolio-gallery .row-item-info{text-align:center;}.elementor-2373 .elementor-element.elementor-element-d932236 .jeg-elementor-kit.jkit-portfolio-gallery .row-item-more{text-align:right;}.elementor-2373 .elementor-element.elementor-element-d932236 .jeg-elementor-kit.jkit-portfolio-gallery .row-item-more.position-after i, .elementor-2373 .elementor-element.elementor-element-d932236 .jeg-elementor-kit.jkit-portfolio-gallery .row-item-more.position-after svg{margin-left:5px;}.elementor-2373 .elementor-element.elementor-element-d932236 .jeg-elementor-kit.jkit-portfolio-gallery .row-item-more.position-before i, .elementor-2373 .elementor-element.elementor-element-d932236 .jeg-elementor-kit.jkit-portfolio-gallery .row-item-more.position-before svg{margin-right:5px;}.elementor-2373 .elementor-element.elementor-element-e916e31{width:var( --container-widget-width, 99.8% );max-width:99.8%;margin:-5.5% 0% calc(var(--kit-widget-spacing, 0px) + 0%) 70%;--container-widget-width:99.8%;--container-widget-flex-grow:0;text-align:left;}.elementor-2373 .elementor-element.elementor-element-e916e31.elementor-element{--align-self:center;--flex-grow:0;--flex-shrink:0;}.elementor-2373 .elementor-element.elementor-element-e916e31 .elementor-heading-title{font-family:\"Helvetica\", Sans-serif;font-size:35px;font-weight:700;text-shadow:5px 5px 10px rgba(0, 0, 0, 0.57);color:#FFFFFF;}.elementor-2373 .elementor-element.elementor-element-ccd5699{--display:flex;--flex-direction:row;--container-widget-width:initial;--container-widget-height:100%;--container-widget-flex-grow:1;--container-widget-align-self:stretch;--flex-wrap-mobile:wrap;--gap:0px 0px;--row-gap:0px;--column-gap:0px;--margin-top:050px;--margin-bottom:50px;--margin-left:0px;--margin-right:0px;overflow:visible;}.elementor-2373 .elementor-element.elementor-element-77e71ed{--display:flex;--flex-direction:column;--container-widget-width:100%;--container-widget-height:initial;--container-widget-flex-grow:0;--container-widget-align-self:initial;--flex-wrap-mobile:wrap;overflow:visible;}.elementor-2373 .elementor-element.elementor-element-d823a60 img{border-radius:10px 10px 10px 10px;}.elementor-2373 .elementor-element.elementor-element-86e4928{--display:flex;--flex-direction:column;--container-widget-width:calc( ( 1 - var( --container-widget-flex-grow ) ) * 100% );--container-widget-height:initial;--container-widget-flex-grow:0;--container-widget-align-self:initial;--flex-wrap-mobile:wrap;--justify-content:center;--align-items:center;overflow:visible;}.elementor-2373 .elementor-element.elementor-element-dfd9bff .elementskit-section-title-wraper .elementskit-section-title{color:#0C1734;font-family:\"Roboto\", Sans-serif;font-size:50px;font-weight:800;line-height:50px;}.elementor-2373 .elementor-element.elementor-element-dfd9bff .elementskit-section-title-wraper .elementskit-section-title > span{color:#000000;}.elementor-2373 .elementor-element.elementor-element-dfd9bff .elementskit-section-title-wraper .elementskit-section-title:hover > span{color:#000000;}.elementor-2373 .elementor-element.elementor-element-dfd9bff .elementskit-section-title-wraper p{color:#7D8089;font-family:\"Roboto\", Sans-serif;font-size:14px;font-weight:400;line-height:24px;}@media(min-width:768px){.elementor-2373 .elementor-element.elementor-element-77e71ed{--width:50%;}.elementor-2373 .elementor-element.elementor-element-86e4928{--width:50%;}}@media(max-width:1024px){.elementor-2373 .elementor-element.elementor-element-e916e31 .elementor-heading-title{font-size:25px;}.elementor-2373 .elementor-element.elementor-element-dfd9bff .elementskit-section-title-wraper .elementskit-section-title{font-size:35px;line-height:1.2em;}}@media(max-width:767px){.elementor-2373 .elementor-element.elementor-element-e261f79{--margin-top:0px;--margin-bottom:-310px;--margin-left:0px;--margin-right:0px;}.elementor-2373 .elementor-element.elementor-element-d932236 .jeg-elementor-kit.jkit-portfolio-gallery .row-item{height:39vh;}.elementor-2373 .elementor-element.elementor-element-e916e31{width:var( --container-widget-width, 340.25px );max-width:340.25px;margin:-11% 28% calc(var(--kit-widget-spacing, 0px) + 0%) 0%;--container-widget-width:340.25px;--container-widget-flex-grow:0;}.elementor-2373 .elementor-element.elementor-element-e916e31.elementor-element{--align-self:flex-end;}.elementor-2373 .elementor-element.elementor-element-ccd5699{--margin-top:5px;--margin-bottom:5px;--margin-left:0px;--margin-right:0px;}.elementor-2373 .elementor-element.elementor-element-dfd9bff .elementskit-section-title-wraper .elementskit-section-title{font-size:35px;line-height:1.5em;}}@media (min-width: 1025px) {.elementor-element.elementor-element-d932236 .jeg-elementor-kit.jkit-portfolio-gallery .row-item:nth-child(4n) { border-right-width:0; } }<\/style>\t\t<div data-elementor-type=\"wp-page\" data-elementor-id=\"2373\" class=\"elementor elementor-2373 elementor-783\" data-elementor-post-type=\"page\">\n\t\t\t\t<div class=\"elementor-element elementor-element-e261f79 e-con-full e-flex wpr-particle-no wpr-jarallax-no wpr-parallax-no wpr-sticky-section-no e-con e-parent\" data-id=\"e261f79\" data-element_type=\"container\" data-settings=\"{&quot;ekit_has_onepagescroll_dot&quot;:&quot;yes&quot;}\">\n\t\t\t\t<div class=\"elementor-element elementor-element-d932236 elementor-widget elementor-widget-jkit_portfolio_gallery\" data-id=\"d932236\" data-element_type=\"widget\" data-settings=\"{&quot;ekit_we_effect_on&quot;:&quot;none&quot;}\" data-widget_type=\"jkit_portfolio_gallery.default\">\n\t\t\t\t\t<div  class=\"jeg-elementor-kit jkit-portfolio-gallery on-hover jeg_module___69e10251f35d8\" ><div class=\"portfolio-gallery-container\">\n            <div class=\"row-items\"><div class=\"row-item elementor-repeater-item-f262827 current-item\" data-tab=\"portfolio-gallery-tab-0\"><div class=\"row-item-info\">\n            <p class=\"info-subtitle\"><\/p>\n            <h2 class=\"info-title\"><\/h2>\n        <\/div><\/div><div class=\"row-item elementor-repeater-item-2b32e7f \" data-tab=\"portfolio-gallery-tab-1\"><div class=\"row-item-info\">\n            <p class=\"info-subtitle\"><\/p>\n            <h2 class=\"info-title\"><\/h2>\n        <\/div><\/div><div class=\"row-item elementor-repeater-item-a72fa5d \" data-tab=\"portfolio-gallery-tab-2\"><div class=\"row-item-info\">\n            <p class=\"info-subtitle\"><\/p>\n            <h2 class=\"info-title\"><\/h2>\n        <\/div><\/div><div class=\"row-item elementor-repeater-item-37f8b2c \" data-tab=\"portfolio-gallery-tab-3\"><div class=\"row-item-info\">\n            <p class=\"info-subtitle\"><\/p>\n            <h2 class=\"info-title\"><\/h2>\n        <\/div><\/div><\/div>\n            <div class=\"gallery-items\"><div id=\"portfolio-gallery-tab-0\" class=\"image-item current-item\" data-background=\"https:\/\/sweetsalt.productions\/wp-content\/uploads\/2025\/10\/BTS03-1024x683.jpeg\" style=\"background-image:url(https:\/\/sweetsalt.productions\/wp-content\/uploads\/2025\/10\/BTS03-1024x683.jpeg);\"><\/div><div id=\"portfolio-gallery-tab-1\" class=\"image-item \" data-background=\"https:\/\/sweetsalt.productions\/wp-content\/uploads\/2025\/10\/BTS017-1024x768-1.jpg\" style=\"background-image:url(https:\/\/sweetsalt.productions\/wp-content\/uploads\/2025\/10\/BTS017-1024x768-1.jpg);\"><\/div><div id=\"portfolio-gallery-tab-2\" class=\"image-item \" data-background=\"https:\/\/sweetsalt.productions\/wp-content\/uploads\/2025\/10\/BTS011-1536x1024-1-1024x683.jpg\" style=\"background-image:url(https:\/\/sweetsalt.productions\/wp-content\/uploads\/2025\/10\/BTS011-1536x1024-1-1024x683.jpg);\"><\/div><div id=\"portfolio-gallery-tab-3\" class=\"image-item \" data-background=\"https:\/\/sweetsalt.productions\/wp-content\/uploads\/2025\/10\/BTS008-1536x1024-1-1024x683.jpg\" style=\"background-image:url(https:\/\/sweetsalt.productions\/wp-content\/uploads\/2025\/10\/BTS008-1536x1024-1-1024x683.jpg);\"><\/div><\/div>\n        <\/div><\/div>\t\t\t\t<\/div>\n\t\t\t\t<div class=\"elementor-element elementor-element-e916e31 elementor-widget__width-initial elementor-widget-mobile__width-initial elementor-invisible elementor-widget elementor-widget-heading\" data-id=\"e916e31\" data-element_type=\"widget\" data-settings=\"{&quot;_animation&quot;:&quot;fadeInRight&quot;,&quot;ekit_we_effect_on&quot;:&quot;none&quot;}\" data-widget_type=\"heading.default\">\n\t\t\t\t\t<h2 class=\"elementor-heading-title elementor-size-default\">con ng\u01b0\u1eddi \u0111i\u1ec1u khi\u1ec3n, <br>AI trong h\u1ed9p c\u00f4ng c\u1ee5<\/h2>\t\t\t\t<\/div>\n\t\t\t\t<\/div>\n\t\t<div class=\"elementor-element elementor-element-ccd5699 e-flex e-con-boxed wpr-particle-no wpr-jarallax-no wpr-parallax-no wpr-sticky-section-no e-con e-parent\" data-id=\"ccd5699\" data-element_type=\"container\" data-settings=\"{&quot;ekit_has_onepagescroll_dot&quot;:&quot;yes&quot;}\">\n\t\t\t\t\t<div class=\"e-con-inner\">\n\t\t<div class=\"elementor-element elementor-element-77e71ed e-con-full e-flex wpr-particle-no wpr-jarallax-no wpr-parallax-no wpr-sticky-section-no e-con e-child\" data-id=\"77e71ed\" data-element_type=\"container\" data-settings=\"{&quot;ekit_has_onepagescroll_dot&quot;:&quot;yes&quot;}\">\n\t\t\t\t<div class=\"elementor-element elementor-element-d823a60 elementor-invisible elementor-widget elementor-widget-image\" data-id=\"d823a60\" data-element_type=\"widget\" data-settings=\"{&quot;_animation&quot;:&quot;fadeInLeft&quot;,&quot;ekit_we_effect_on&quot;:&quot;none&quot;}\" data-widget_type=\"image.default\">\n\t\t\t\t\t\t\t\t\t\t\t\t\t\t\t<img fetchpriority=\"high\" decoding=\"async\" width=\"679\" height=\"451\" src=\"https:\/\/sweetsalt.productions\/wp-content\/uploads\/2025\/10\/WhatsApp-Image-2025-10-07-at-7.17.59-PM.jpeg\" class=\"attachment-full size-full wp-image-2379\" alt=\"\" srcset=\"https:\/\/sweetsalt.productions\/wp-content\/uploads\/2025\/10\/WhatsApp-Image-2025-10-07-at-7.17.59-PM.jpeg 679w, https:\/\/sweetsalt.productions\/wp-content\/uploads\/2025\/10\/WhatsApp-Image-2025-10-07-at-7.17.59-PM-300x199.jpeg 300w\" sizes=\"(max-width: 679px) 100vw, 679px\" \/>\t\t\t\t\t\t\t\t\t\t\t\t\t\t\t<\/div>\n\t\t\t\t<\/div>\n\t\t<div class=\"elementor-element elementor-element-86e4928 e-con-full e-flex wpr-particle-no wpr-jarallax-no wpr-parallax-no wpr-sticky-section-no e-con e-child\" data-id=\"86e4928\" data-element_type=\"container\" data-settings=\"{&quot;ekit_has_onepagescroll_dot&quot;:&quot;yes&quot;}\">\n\t\t\t\t<div class=\"elementor-element elementor-element-dfd9bff elementor-invisible elementor-widget elementor-widget-elementskit-heading\" data-id=\"dfd9bff\" data-element_type=\"widget\" data-settings=\"{&quot;_animation&quot;:&quot;fadeInRight&quot;,&quot;ekit_we_effect_on&quot;:&quot;none&quot;}\" data-widget_type=\"elementskit-heading.default\">\n\t\t\t\t\t<div class=\"ekit-wid-con\" ><div class=\"ekit-heading elementskit-section-title-wraper text_left   ekit_heading_tablet-   ekit_heading_mobile-\"><h2 class=\"ekit-heading--title elementskit-section-title \">s\u00e1ng t\u1ea1o c\u1ee7a con ng\u01b0\u1eddi lu\u00f4n d\u1eabn \u0111\u1ea7u<\/h2>\t\t\t\t<div class='ekit-heading__description'>\n\t\t\t\t\t<p>Ch\u00fang t\u00f4i l\u00e0 nh\u1eefng nh\u00e0 s\u00e1ng t\u1ea1o \u0111o\u1ea1t gi\u1ea3i th\u01b0\u1edfng, s\u1ed1ng v\u00e0 th\u1edf c\u00f9ng v\u1edbi s\u1ea3n xu\u1ea5t. L\u1edbn hay nh\u1ecf, ch\u00fang t\u00f4i m\u1edf r\u1ed9ng t\u1ea7m nh\u00ecn c\u1ee7a b\u1ea1n m\u00e0 kh\u00f4ng c\u1eaft gi\u1ea3m s\u1ef1 quy\u1ebft t\u00e2m hay c\u1ea3m x\u00fac. T\u1eeb tia l\u1eeda \u0111\u1ea7u ti\u00ean \u0111\u1ebfn khung h\u00ecnh cu\u1ed1i c\u00f9ng, ch\u00fang t\u00f4i bi\u1ebfn \u00fd t\u01b0\u1edfng th\u00e0nh nh\u1eefng tr\u1ea3i nghi\u1ec7m m\u00e0 m\u1ecdi ng\u01b0\u1eddi c\u00f3 th\u1ec3 c\u1ea3m nh\u1eadn. Ch\u00fang t\u00f4i bi\u1ebft khi n\u00e0o c\u1ea7n ch\u00ednh x\u00e1c v\u00e0 khi n\u00e0o ph\u00e1 v\u1ee1 quy t\u1eafc.   <\/p>\n<p>V\u00e0 \u0111\u00fang v\u1eady, ch\u00fang t\u00f4i \u0111\u00f3n nh\u1eadn c\u00f4ng ngh\u1ec7\u2014c\u00e1c c\u00f4ng c\u1ee5 t\u1ea1o sinh, <strong>VFX<\/strong> ti\u00ean ti\u1ebfn, quy tr\u00ecnh l\u00e0m vi\u1ec7c \u0111\u01b0\u1ee3c \u0111i\u1ec1u khi\u1ec3n b\u1edfi <strong>AI<\/strong>. Ch\u00fang n\u1eb1m trong h\u1ed9p c\u00f4ng c\u1ee5 c\u1ee7a ch\u00fang t\u00f4i \u0111\u1ec3 n\u00e2ng cao vi\u1ec7c k\u1ec3 chuy\u1ec7n, kh\u00f4ng ph\u1ea3i thay th\u1ebf n\u00f3. S\u00e1ng t\u1ea1o c\u1ee7a con ng\u01b0\u1eddi lu\u00f4n d\u1eabn \u0111\u1ea7u.  <\/p>\n\t\t\t\t<\/div>\n\t\t\t<\/div><\/div>\t\t\t\t<\/div>\n\t\t\t\t<\/div>\n\t\t\t\t\t<\/div>\n\t\t\t\t<\/div>\n\t\t\t\t<\/div>\n\t\t","protected":false},"excerpt":{"rendered":"<p>con ng\u01b0\u1eddi \u0111i\u1ec1u khi\u1ec3n, AI trong h\u1ed9p c\u00f4ng c\u1ee5 s\u00e1ng t\u1ea1o c\u1ee7a con ng\u01b0\u1eddi lu\u00f4n d\u1eabn \u0111\u1ea7u Ch\u00fang t\u00f4i l\u00e0 nh\u1eefng nh\u00e0 s\u00e1ng t\u1ea1o \u0111o\u1ea1t gi\u1ea3i th\u01b0\u1edfng, s\u1ed1ng v\u00e0 th\u1edf c\u00f9ng v\u1edbi s\u1ea3n xu\u1ea5t. L\u1edbn hay nh\u1ecf, ch\u00fang t\u00f4i m\u1edf r\u1ed9ng t\u1ea7m nh\u00ecn c\u1ee7a b\u1ea1n m\u00e0 kh\u00f4ng c\u1eaft gi\u1ea3m s\u1ef1 quy\u1ebft t\u00e2m hay c\u1ea3m x\u00fac. T\u1eeb tia l\u1eeda \u0111\u1ea7u ti\u00ean \u0111\u1ebfn khung h\u00ecnh cu\u1ed1i c\u00f9ng, ch\u00fang t\u00f4i bi\u1ebfn \u00fd t\u01b0\u1edfng th\u00e0nh nh\u1eefng tr\u1ea3i nghi\u1ec7m m\u00e0 m\u1ecdi ng\u01b0\u1eddi c\u00f3 th\u1ec3 c\u1ea3m nh\u1eadn. Ch\u00fang t\u00f4i bi\u1ebft khi n\u00e0o c\u1ea7n ch\u00ednh x\u00e1c v\u00e0 khi n\u00e0o ph\u00e1 v\u1ee1 quy t\u1eafc. V\u00e0 \u0111\u00fang v\u1eady, ch\u00fang t\u00f4i \u0111\u00f3n nh\u1eadn c\u00f4ng ngh\u1ec7\u2014c\u00e1c c\u00f4ng c\u1ee5 t\u1ea1o sinh, VFX ti\u00ean ti\u1ebfn, quy tr\u00ecnh l\u00e0m vi\u1ec7c \u0111\u01b0\u1ee3c \u0111i\u1ec1u khi\u1ec3n b\u1edfi AI. Ch\u00fang n\u1eb1m trong h\u1ed9p c\u00f4ng c\u1ee5 c\u1ee7a ch\u00fang t\u00f4i \u0111\u1ec3 n\u00e2ng cao vi\u1ec7c k\u1ec3 chuy\u1ec7n, kh\u00f4ng ph\u1ea3i thay th\u1ebf n\u00f3. S\u00e1ng t\u1ea1o c\u1ee7a con ng\u01b0\u1eddi lu\u00f4n d\u1eabn \u0111\u1ea7u.<\/p>\n","protected":false},"author":2,"featured_media":0,"parent":0,"menu_order":0,"comment_status":"closed","ping_status":"closed","template":"elementor_canvas","meta":{"footnotes":""},"class_list":["post-2373","page","type-page","status-publish","hentry"],"_hostinger_reach_plugin_has_subscription_block":false,"_hostinger_reach_plugin_is_elementor":false,"acf":[],"_links":{"self":[{"href":"https:\/\/sweetsalt.productions\/vi\/wp-json\/wp\/v2\/pages\/2373","targetHints":{"allow":["GET"]}}],"collection":[{"href":"https:\/\/sweetsalt.productions\/vi\/wp-json\/wp\/v2\/pages"}],"about":[{"href":"https:\/\/sweetsalt.productions\/vi\/wp-json\/wp\/v2\/types\/page"}],"author":[{"embeddable":true,"href":"https:\/\/sweetsalt.productions\/vi\/wp-json\/wp\/v2\/users\/2"}],"replies":[{"embeddable":true,"href":"https:\/\/sweetsalt.productions\/vi\/wp-json\/wp\/v2\/comments?post=2373"}],"version-history":[{"count":1,"href":"https:\/\/sweetsalt.productions\/vi\/wp-json\/wp\/v2\/pages\/2373\/revisions"}],"predecessor-version":[{"id":2380,"href":"https:\/\/sweetsalt.productions\/vi\/wp-json\/wp\/v2\/pages\/2373\/revisions\/2380"}],"wp:attachment":[{"href":"https:\/\/sweetsalt.productions\/vi\/wp-json\/wp\/v2\/media?parent=2373"}],"curies":[{"name":"wp","href":"https:\/\/api.w.org\/{rel}","templated":true}]}}