{"id":2203,"date":"2025-09-22T11:44:22","date_gmt":"2025-09-22T11:44:22","guid":{"rendered":"https:\/\/sweetsalt.productions\/cong-viec-cua-chung-toi\/"},"modified":"2025-11-02T17:07:10","modified_gmt":"2025-11-02T17:07:10","slug":"cong-viec-cua-chung-toi","status":"publish","type":"page","link":"https:\/\/sweetsalt.productions\/vi\/cong-viec-cua-chung-toi\/","title":{"rendered":"c\u00f4ng vi\u1ec7c c\u1ee7a ch\u00fang t\u00f4i"},"content":{"rendered":"<style>.elementor-2203 .elementor-element.elementor-element-f30e18e{--display:flex;--flex-direction:column;--container-widget-width:100%;--container-widget-height:initial;--container-widget-flex-grow:0;--container-widget-align-self:initial;--flex-wrap-mobile:wrap;--padding-top:0px;--padding-bottom:0px;--padding-left:0px;--padding-right:0px;overflow:visible;}.elementor-2203 .elementor-element.elementor-element-8c35aa1 .elementor-wrapper{--video-aspect-ratio:1.77777;}.elementor-2203 .elementor-element.elementor-element-8a1b0b4{--display:flex;--flex-direction:column;--container-widget-width:100%;--container-widget-height:initial;--container-widget-flex-grow:0;--container-widget-align-self:initial;--flex-wrap-mobile:wrap;--margin-top:-55px;--margin-bottom:060px;--margin-left:0px;--margin-right:0px;overflow:visible;}.elementor-2203 .elementor-element.elementor-element-e58274f{text-align:center;}.elementor-2203 .elementor-element.elementor-element-e58274f .elementor-heading-title{font-family:\"Helvetica\", Sans-serif;font-size:35px;font-weight:700;color:#FFFFFF;}.elementor-2203 .elementor-element.elementor-element-ec9e951{--display:flex;--flex-direction:column;--container-widget-width:100%;--container-widget-height:initial;--container-widget-flex-grow:0;--container-widget-align-self:initial;--flex-wrap-mobile:wrap;overflow:visible;}.elementor-2203 .elementor-element.elementor-element-48a6db0{margin:30px 0px calc(var(--kit-widget-spacing, 0px) + 010px) 0px;text-align:center;}.elementor-2203 .elementor-element.elementor-element-48a6db0.elementor-element{--flex-grow:0;--flex-shrink:0;}.elementor-2203 .elementor-element.elementor-element-48a6db0 .elementor-heading-title{font-family:\"Roboto\", Sans-serif;font-size:50px;font-weight:800;color:#000000;}.elementor-2203 .elementor-element.elementor-element-5b1750f{margin:0px 95px calc(var(--kit-widget-spacing, 0px) + 0px) 95px;text-align:center;font-family:\"Raleway\", Sans-serif;font-size:20px;font-weight:400;text-transform:none;line-height:1.7em;}.elementor-2203 .elementor-element.elementor-element-a888f5c{--display:flex;--min-height:85vh;--flex-direction:row;--container-widget-width:calc( ( 1 - var( --container-widget-flex-grow ) ) * 100% );--container-widget-height:100%;--container-widget-flex-grow:1;--container-widget-align-self:stretch;--flex-wrap-mobile:wrap;--justify-content:center;--align-items:flex-end;--gap:0px 0px;--row-gap:0px;--column-gap:0px;--overlay-opacity:0.85;--margin-top:050px;--margin-bottom:0px;--margin-left:0px;--margin-right:0px;overflow:visible;}.elementor-2203 .elementor-element.elementor-element-a888f5c:not(.elementor-motion-effects-element-type-background), .elementor-2203 .elementor-element.elementor-element-a888f5c > .elementor-motion-effects-container > .elementor-motion-effects-layer{background-color:#000000;background-image:url(\"https:\/\/sweetsalt.productions\/wp-content\/uploads\/2025\/10\/BTS005-1536x864-1.jpg\");background-size:contain;}.elementor-2203 .elementor-element.elementor-element-a888f5c::before, .elementor-2203 .elementor-element.elementor-element-a888f5c > .elementor-background-video-container::before, .elementor-2203 .elementor-element.elementor-element-a888f5c > .e-con-inner > .elementor-background-video-container::before, .elementor-2203 .elementor-element.elementor-element-a888f5c > .elementor-background-slideshow::before, .elementor-2203 .elementor-element.elementor-element-a888f5c > .e-con-inner > .elementor-background-slideshow::before, .elementor-2203 .elementor-element.elementor-element-a888f5c > .elementor-motion-effects-container > .elementor-motion-effects-layer::before{background-color:transparent;--background-overlay:'';background-image:linear-gradient(180deg, #8B8B8B00 0%, #020202 100%);}.elementor-2203 .elementor-element.elementor-element-a888f5c.e-con{--flex-grow:1;--flex-shrink:1;}@media(min-width:768px){.elementor-2203 .elementor-element.elementor-element-f30e18e{--content-width:100%;}}@media(min-width:1025px){.elementor-2203 .elementor-element.elementor-element-a888f5c:not(.elementor-motion-effects-element-type-background), .elementor-2203 .elementor-element.elementor-element-a888f5c > .elementor-motion-effects-container > .elementor-motion-effects-layer{background-attachment:fixed;}}@media(max-width:1024px){.elementor-2203 .elementor-element.elementor-element-e58274f .elementor-heading-title{font-size:25px;}.elementor-2203 .elementor-element.elementor-element-48a6db0{margin:0px 0px calc(var(--kit-widget-spacing, 0px) + 0px) 10px;}.elementor-2203 .elementor-element.elementor-element-5b1750f{margin:0px 20px calc(var(--kit-widget-spacing, 0px) + 0px) 20px;}}@media(max-width:767px){.elementor-2203 .elementor-element.elementor-element-f30e18e{--margin-top:0px;--margin-bottom:0px;--margin-left:0px;--margin-right:0px;}.elementor-2203 .elementor-element.elementor-element-8a1b0b4{--margin-top:-65px;--margin-bottom:15px;--margin-left:0px;--margin-right:0px;}.elementor-2203 .elementor-element.elementor-element-ec9e951{--flex-direction:column;--container-widget-width:calc( ( 1 - var( --container-widget-flex-grow ) ) * 100% );--container-widget-height:initial;--container-widget-flex-grow:0;--container-widget-align-self:initial;--flex-wrap-mobile:wrap;--align-items:center;--margin-top:35px;--margin-bottom:15px;--margin-left:0px;--margin-right:0px;}.elementor-2203 .elementor-element.elementor-element-48a6db0{width:var( --container-widget-width, 297.625px );max-width:297.625px;--container-widget-width:297.625px;--container-widget-flex-grow:0;text-align:center;}.elementor-2203 .elementor-element.elementor-element-5b1750f{margin:0px 0px calc(var(--kit-widget-spacing, 0px) + 0px) 0px;font-size:15px;}.elementor-2203 .elementor-element.elementor-element-a888f5c{--min-height:39vh;--padding-top:0px;--padding-bottom:0px;--padding-left:0px;--padding-right:0px;}.elementor-2203 .elementor-element.elementor-element-a888f5c:not(.elementor-motion-effects-element-type-background), .elementor-2203 .elementor-element.elementor-element-a888f5c > .elementor-motion-effects-container > .elementor-motion-effects-layer{background-position:center center;background-repeat:no-repeat;background-size:contain;}}\/* Start custom CSS for heading, class: .elementor-element-e58274f *\/@media (min-width: 768px) {\r\n  .mobile-break {\r\n    display: none;\r\n  }\r\n}\/* End custom CSS *\/<\/style>\t\t<div data-elementor-type=\"wp-page\" data-elementor-id=\"2203\" class=\"elementor elementor-2203 elementor-741\" data-elementor-post-type=\"page\">\n\t\t\t\t<div class=\"elementor-element elementor-element-f30e18e e-flex e-con-boxed wpr-particle-no wpr-jarallax-no wpr-parallax-no wpr-sticky-section-no e-con e-parent\" data-id=\"f30e18e\" data-element_type=\"container\" data-settings=\"{&quot;ekit_has_onepagescroll_dot&quot;:&quot;yes&quot;}\">\n\t\t\t\t\t<div class=\"e-con-inner\">\n\t\t\t\t<div class=\"elementor-element elementor-element-8c35aa1 elementor-widget elementor-widget-video\" data-id=\"8c35aa1\" data-element_type=\"widget\" data-settings=\"{&quot;video_type&quot;:&quot;hosted&quot;,&quot;autoplay&quot;:&quot;yes&quot;,&quot;play_on_mobile&quot;:&quot;yes&quot;,&quot;loop&quot;:&quot;yes&quot;,&quot;ekit_we_effect_on&quot;:&quot;none&quot;}\" data-widget_type=\"video.default\">\n\t\t\t\t\t\t\t<div class=\"e-hosted-video elementor-wrapper elementor-open-inline\">\n\t\t\t\t\t<video class=\"elementor-video\" src=\"https:\/\/sweetsalt.productions\/wp-content\/uploads\/2025\/10\/temp_work_reel_2025_v1.mp4\" autoplay=\"\" loop=\"\" playsinline=\"\" controlsList=\"nodownload\"><\/video>\n\t\t\t\t<\/div>\n\t\t\t\t\t\t<\/div>\n\t\t\t\t\t<\/div>\n\t\t\t\t<\/div>\n\t\t<div class=\"elementor-element elementor-element-8a1b0b4 e-flex e-con-boxed wpr-particle-no wpr-jarallax-no wpr-parallax-no wpr-sticky-section-no e-con e-parent\" data-id=\"8a1b0b4\" data-element_type=\"container\" data-settings=\"{&quot;ekit_has_onepagescroll_dot&quot;:&quot;yes&quot;}\">\n\t\t\t\t\t<div class=\"e-con-inner\">\n\t\t\t\t<div class=\"elementor-element elementor-element-e58274f elementor-invisible elementor-widget elementor-widget-heading\" data-id=\"e58274f\" data-element_type=\"widget\" data-settings=\"{&quot;_animation&quot;:&quot;fadeInRight&quot;,&quot;ekit_we_effect_on&quot;:&quot;none&quot;}\" data-widget_type=\"heading.default\">\n\t\t\t\t\t<h2 class=\"elementor-heading-title elementor-size-default\">\u0111\u01b0\u1ee3c h\u1ed7 tr\u1ee3 b\u1edfi AI, <br class=\"mobile-break\">d\u1eabn d\u1eaft b\u1edfi con ng\u01b0\u1eddi.<\/h2>\t\t\t\t<\/div>\n\t\t\t\t\t<\/div>\n\t\t\t\t<\/div>\n\t\t<div class=\"elementor-element elementor-element-ec9e951 e-flex e-con-boxed wpr-particle-no wpr-jarallax-no wpr-parallax-no wpr-sticky-section-no e-con e-parent\" data-id=\"ec9e951\" data-element_type=\"container\" data-settings=\"{&quot;ekit_has_onepagescroll_dot&quot;:&quot;yes&quot;}\">\n\t\t\t\t\t<div class=\"e-con-inner\">\n\t\t\t\t<div class=\"elementor-element elementor-element-48a6db0 elementor-widget-mobile__width-initial elementor-invisible elementor-widget elementor-widget-heading\" data-id=\"48a6db0\" data-element_type=\"widget\" data-settings=\"{&quot;_animation&quot;:&quot;fadeIn&quot;,&quot;ekit_we_effect_on&quot;:&quot;none&quot;}\" data-widget_type=\"heading.default\">\n\t\t\t\t\t<div class=\"elementor-heading-title elementor-size-default\">quy tr\u00ecnh c\u1ee7a ch\u00fang t\u00f4i<\/div>\t\t\t\t<\/div>\n\t\t\t\t<div class=\"elementor-element elementor-element-5b1750f elementor-invisible elementor-widget elementor-widget-text-editor\" data-id=\"5b1750f\" data-element_type=\"widget\" data-settings=\"{&quot;_animation&quot;:&quot;fadeInUp&quot;,&quot;ekit_we_effect_on&quot;:&quot;none&quot;}\" data-widget_type=\"text-editor.default\">\n\t\t\t\t\t\t\t\t\t<p>Ch\u00fang t\u00f4i s\u1eed d\u1ee5ng c\u00f4ng ngh\u1ec7 t\u1ed1t nh\u1ea5t hi\u1ec7n nay\u2014d\u00f9 l\u00e0 s\u1ea3n xu\u1ea5t ho\u00e0n to\u00e0n b\u1eb1ng AI hay quy tr\u00ecnh l\u00e0m vi\u1ec7c k\u1ebft h\u1ee3p gi\u1eefa bi\u1ec3u di\u1ec5n tr\u1ef1c ti\u1ebfp v\u1edbi c\u00e1c th\u1ebf gi\u1edbi, hi\u1ec7u \u1ee9ng v\u00e0 y\u1ebfu t\u1ed1 do AI t\u1ea1o ra. \u0110i\u1ec1u n\u00e0y cho ph\u00e9p ch\u00fang t\u00f4i n\u1eafm b\u1eaft c\u1ea3m x\u00fac con ng\u01b0\u1eddi m\u1ed9t c\u00e1ch ch\u00e2n th\u1ef1c trong khi \u0111\u1ea9y c\u00e2u chuy\u1ec7n v\u00e0o nh\u1eefng l\u0129nh v\u1ef1c phi th\u01b0\u1eddng.<\/p><p>Trong quy tr\u00ecnh c\u1ee7a ch\u00fang t\u00f4i, c\u00e1c gi\u00e1m s\u00e1t vi\u00ean VFX th\u1ef1c s\u1ef1 \u0111\u1ea3m b\u1ea3o m\u1ecdi chi ti\u1ebft \u0111\u1ec1u c\u1ea3m th\u1ea5y \u0111\u00fang. \u0110\u00f4i khi ch\u00fang t\u00f4i x\u00e2y d\u1ef1ng nh\u00e2n v\u1eadt t\u1eeb \u0111\u1ea7u v\u00e0 \u00e1nh x\u1ea1 m\u00e0n tr\u00ecnh di\u1ec5n c\u1ee7a di\u1ec5n vi\u00ean l\u00ean ch\u00fang. Nh\u1eefng l\u00fac kh\u00e1c, ch\u00fang t\u00f4i ch\u1ecdn di\u1ec5n vi\u00ean th\u1ef1c v\u00e0 \u0111\u1eb7t h\u00ecnh \u1ea3nh c\u1ee7a h\u1ecd v\u00e0o m\u00f4i tr\u01b0\u1eddng do AI t\u1ea1o ra m\u1ed9t c\u00e1ch li\u1ec1n m\u1ea1ch. Lu\u00f4n lu\u00f4n, s\u1ef1 s\u00e1ng t\u1ea1o c\u1ee7a con ng\u01b0\u1eddi l\u00e0 \u0111\u1ed9ng l\u1ef1c th\u00fac \u0111\u1ea9y \u0111\u1ed5i m\u1edbi.<\/p>\t\t\t\t\t\t\t\t<\/div>\n\t\t\t\t\t<\/div>\n\t\t\t\t<\/div>\n\t\t<div class=\"elementor-element elementor-element-a888f5c e-con-full e-flex wpr-particle-no wpr-jarallax-no wpr-parallax-no wpr-sticky-section-no e-con e-parent\" data-id=\"a888f5c\" data-element_type=\"container\" data-settings=\"{&quot;background_background&quot;:&quot;classic&quot;,&quot;ekit_has_onepagescroll_dot&quot;:&quot;yes&quot;}\">\n\t\t\t\t<\/div>\n\t\t\t\t<\/div>\n\t\t","protected":false},"excerpt":{"rendered":"<p>https:\/\/sweetsalt.productions\/wp-content\/uploads\/2025\/10\/temp_work_reel_2025_v1.mp4 \u0111\u01b0\u1ee3c h\u1ed7 tr\u1ee3 b\u1edfi AI, d\u1eabn d\u1eaft b\u1edfi con ng\u01b0\u1eddi. quy tr\u00ecnh c\u1ee7a ch\u00fang t\u00f4i Ch\u00fang t\u00f4i s\u1eed d\u1ee5ng c\u00f4ng ngh\u1ec7 t\u1ed1t nh\u1ea5t hi\u1ec7n nay\u2014d\u00f9 l\u00e0 s\u1ea3n xu\u1ea5t ho\u00e0n to\u00e0n b\u1eb1ng AI hay quy tr\u00ecnh l\u00e0m vi\u1ec7c k\u1ebft h\u1ee3p gi\u1eefa bi\u1ec3u di\u1ec5n tr\u1ef1c ti\u1ebfp v\u1edbi c\u00e1c th\u1ebf gi\u1edbi, hi\u1ec7u \u1ee9ng v\u00e0 y\u1ebfu t\u1ed1 do AI t\u1ea1o ra. \u0110i\u1ec1u n\u00e0y cho ph\u00e9p ch\u00fang t\u00f4i n\u1eafm b\u1eaft c\u1ea3m x\u00fac con ng\u01b0\u1eddi m\u1ed9t c\u00e1ch ch\u00e2n th\u1ef1c trong khi \u0111\u1ea9y c\u00e2u chuy\u1ec7n v\u00e0o nh\u1eefng l\u0129nh v\u1ef1c phi th\u01b0\u1eddng. Trong quy tr\u00ecnh c\u1ee7a ch\u00fang t\u00f4i, c\u00e1c gi\u00e1m s\u00e1t vi\u00ean VFX th\u1ef1c s\u1ef1 \u0111\u1ea3m b\u1ea3o m\u1ecdi chi ti\u1ebft \u0111\u1ec1u c\u1ea3m th\u1ea5y \u0111\u00fang. \u0110\u00f4i khi ch\u00fang t\u00f4i x\u00e2y d\u1ef1ng nh\u00e2n v\u1eadt t\u1eeb \u0111\u1ea7u v\u00e0 \u00e1nh x\u1ea1 m\u00e0n tr\u00ecnh di\u1ec5n c\u1ee7a di\u1ec5n vi\u00ean l\u00ean ch\u00fang. Nh\u1eefng l\u00fac kh\u00e1c, ch\u00fang t\u00f4i ch\u1ecdn di\u1ec5n vi\u00ean th\u1ef1c v\u00e0 \u0111\u1eb7t h\u00ecnh \u1ea3nh c\u1ee7a h\u1ecd v\u00e0o m\u00f4i tr\u01b0\u1eddng do AI t\u1ea1o ra m\u1ed9t c\u00e1ch li\u1ec1n m\u1ea1ch. Lu\u00f4n lu\u00f4n, s\u1ef1 s\u00e1ng t\u1ea1o c\u1ee7a con ng\u01b0\u1eddi l\u00e0 \u0111\u1ed9ng l\u1ef1c th\u00fac \u0111\u1ea9y \u0111\u1ed5i m\u1edbi.<\/p>\n","protected":false},"author":2,"featured_media":0,"parent":0,"menu_order":0,"comment_status":"closed","ping_status":"closed","template":"elementor_canvas","meta":{"footnotes":""},"class_list":["post-2203","page","type-page","status-publish","hentry"],"_hostinger_reach_plugin_has_subscription_block":false,"_hostinger_reach_plugin_is_elementor":false,"acf":[],"_links":{"self":[{"href":"https:\/\/sweetsalt.productions\/vi\/wp-json\/wp\/v2\/pages\/2203","targetHints":{"allow":["GET"]}}],"collection":[{"href":"https:\/\/sweetsalt.productions\/vi\/wp-json\/wp\/v2\/pages"}],"about":[{"href":"https:\/\/sweetsalt.productions\/vi\/wp-json\/wp\/v2\/types\/page"}],"author":[{"embeddable":true,"href":"https:\/\/sweetsalt.productions\/vi\/wp-json\/wp\/v2\/users\/2"}],"replies":[{"embeddable":true,"href":"https:\/\/sweetsalt.productions\/vi\/wp-json\/wp\/v2\/comments?post=2203"}],"version-history":[{"count":1,"href":"https:\/\/sweetsalt.productions\/vi\/wp-json\/wp\/v2\/pages\/2203\/revisions"}],"predecessor-version":[{"id":2229,"href":"https:\/\/sweetsalt.productions\/vi\/wp-json\/wp\/v2\/pages\/2203\/revisions\/2229"}],"wp:attachment":[{"href":"https:\/\/sweetsalt.productions\/vi\/wp-json\/wp\/v2\/media?parent=2203"}],"curies":[{"name":"wp","href":"https:\/\/api.w.org\/{rel}","templated":true}]}}