{"id":2271,"date":"2025-09-22T11:44:22","date_gmt":"2025-09-22T11:44:22","guid":{"rendered":"https:\/\/sweetsalt.productions\/nos-realisations\/"},"modified":"2025-11-02T17:07:23","modified_gmt":"2025-11-02T17:07:23","slug":"nos-realisations","status":"publish","type":"page","link":"https:\/\/sweetsalt.productions\/fr\/nos-realisations\/","title":{"rendered":"nos r\u00e9alisations"},"content":{"rendered":"<style>.elementor-2271 .elementor-element.elementor-element-f30e18e{--display:flex;--flex-direction:column;--container-widget-width:100%;--container-widget-height:initial;--container-widget-flex-grow:0;--container-widget-align-self:initial;--flex-wrap-mobile:wrap;--padding-top:0px;--padding-bottom:0px;--padding-left:0px;--padding-right:0px;overflow:visible;}.elementor-2271 .elementor-element.elementor-element-8c35aa1 .elementor-wrapper{--video-aspect-ratio:1.77777;}.elementor-2271 .elementor-element.elementor-element-8a1b0b4{--display:flex;--flex-direction:column;--container-widget-width:100%;--container-widget-height:initial;--container-widget-flex-grow:0;--container-widget-align-self:initial;--flex-wrap-mobile:wrap;--margin-top:-55px;--margin-bottom:060px;--margin-left:0px;--margin-right:0px;overflow:visible;}.elementor-2271 .elementor-element.elementor-element-e58274f{text-align:center;}.elementor-2271 .elementor-element.elementor-element-e58274f .elementor-heading-title{font-family:\"Helvetica\", Sans-serif;font-size:35px;font-weight:700;color:#FFFFFF;}.elementor-2271 .elementor-element.elementor-element-ec9e951{--display:flex;--flex-direction:column;--container-widget-width:100%;--container-widget-height:initial;--container-widget-flex-grow:0;--container-widget-align-self:initial;--flex-wrap-mobile:wrap;overflow:visible;}.elementor-2271 .elementor-element.elementor-element-48a6db0{margin:30px 0px calc(var(--kit-widget-spacing, 0px) + 010px) 0px;text-align:center;}.elementor-2271 .elementor-element.elementor-element-48a6db0.elementor-element{--flex-grow:0;--flex-shrink:0;}.elementor-2271 .elementor-element.elementor-element-48a6db0 .elementor-heading-title{font-family:\"Roboto\", Sans-serif;font-size:50px;font-weight:800;color:#000000;}.elementor-2271 .elementor-element.elementor-element-5b1750f{margin:0px 95px calc(var(--kit-widget-spacing, 0px) + 0px) 95px;text-align:center;font-family:\"Raleway\", Sans-serif;font-size:20px;font-weight:400;text-transform:none;line-height:1.7em;}.elementor-2271 .elementor-element.elementor-element-a888f5c{--display:flex;--min-height:85vh;--flex-direction:row;--container-widget-width:calc( ( 1 - var( --container-widget-flex-grow ) ) * 100% );--container-widget-height:100%;--container-widget-flex-grow:1;--container-widget-align-self:stretch;--flex-wrap-mobile:wrap;--justify-content:center;--align-items:flex-end;--gap:0px 0px;--row-gap:0px;--column-gap:0px;--overlay-opacity:0.85;--margin-top:050px;--margin-bottom:0px;--margin-left:0px;--margin-right:0px;overflow:visible;}.elementor-2271 .elementor-element.elementor-element-a888f5c:not(.elementor-motion-effects-element-type-background), .elementor-2271 .elementor-element.elementor-element-a888f5c > .elementor-motion-effects-container > .elementor-motion-effects-layer{background-color:#000000;background-image:url(\"https:\/\/sweetsalt.productions\/wp-content\/uploads\/2025\/10\/BTS005-1536x864-1.jpg\");background-size:contain;}.elementor-2271 .elementor-element.elementor-element-a888f5c::before, .elementor-2271 .elementor-element.elementor-element-a888f5c > .elementor-background-video-container::before, .elementor-2271 .elementor-element.elementor-element-a888f5c > .e-con-inner > .elementor-background-video-container::before, .elementor-2271 .elementor-element.elementor-element-a888f5c > .elementor-background-slideshow::before, .elementor-2271 .elementor-element.elementor-element-a888f5c > .e-con-inner > .elementor-background-slideshow::before, .elementor-2271 .elementor-element.elementor-element-a888f5c > .elementor-motion-effects-container > .elementor-motion-effects-layer::before{background-color:transparent;--background-overlay:'';background-image:linear-gradient(180deg, #8B8B8B00 0%, #020202 100%);}.elementor-2271 .elementor-element.elementor-element-a888f5c.e-con{--flex-grow:1;--flex-shrink:1;}@media(min-width:768px){.elementor-2271 .elementor-element.elementor-element-f30e18e{--content-width:100%;}}@media(min-width:1025px){.elementor-2271 .elementor-element.elementor-element-a888f5c:not(.elementor-motion-effects-element-type-background), .elementor-2271 .elementor-element.elementor-element-a888f5c > .elementor-motion-effects-container > .elementor-motion-effects-layer{background-attachment:fixed;}}@media(max-width:1024px){.elementor-2271 .elementor-element.elementor-element-e58274f .elementor-heading-title{font-size:25px;}.elementor-2271 .elementor-element.elementor-element-48a6db0{margin:0px 0px calc(var(--kit-widget-spacing, 0px) + 0px) 10px;}.elementor-2271 .elementor-element.elementor-element-5b1750f{margin:0px 20px calc(var(--kit-widget-spacing, 0px) + 0px) 20px;}}@media(max-width:767px){.elementor-2271 .elementor-element.elementor-element-f30e18e{--margin-top:0px;--margin-bottom:0px;--margin-left:0px;--margin-right:0px;}.elementor-2271 .elementor-element.elementor-element-8a1b0b4{--margin-top:-65px;--margin-bottom:15px;--margin-left:0px;--margin-right:0px;}.elementor-2271 .elementor-element.elementor-element-ec9e951{--flex-direction:column;--container-widget-width:calc( ( 1 - var( --container-widget-flex-grow ) ) * 100% );--container-widget-height:initial;--container-widget-flex-grow:0;--container-widget-align-self:initial;--flex-wrap-mobile:wrap;--align-items:center;--margin-top:35px;--margin-bottom:15px;--margin-left:0px;--margin-right:0px;}.elementor-2271 .elementor-element.elementor-element-48a6db0{width:var( --container-widget-width, 297.625px );max-width:297.625px;--container-widget-width:297.625px;--container-widget-flex-grow:0;text-align:center;}.elementor-2271 .elementor-element.elementor-element-5b1750f{margin:0px 0px calc(var(--kit-widget-spacing, 0px) + 0px) 0px;font-size:15px;}.elementor-2271 .elementor-element.elementor-element-a888f5c{--min-height:39vh;--padding-top:0px;--padding-bottom:0px;--padding-left:0px;--padding-right:0px;}.elementor-2271 .elementor-element.elementor-element-a888f5c:not(.elementor-motion-effects-element-type-background), .elementor-2271 .elementor-element.elementor-element-a888f5c > .elementor-motion-effects-container > .elementor-motion-effects-layer{background-position:center center;background-repeat:no-repeat;background-size:contain;}}\/* Start custom CSS for heading, class: .elementor-element-e58274f *\/@media (min-width: 768px) {\r\n  .mobile-break {\r\n    display: none;\r\n  }\r\n}\/* End custom CSS *\/<\/style>\t\t<div data-elementor-type=\"wp-page\" data-elementor-id=\"2271\" class=\"elementor elementor-2271 elementor-741\" data-elementor-post-type=\"page\">\n\t\t\t\t<div class=\"elementor-element elementor-element-f30e18e e-flex e-con-boxed wpr-particle-no wpr-jarallax-no wpr-parallax-no wpr-sticky-section-no e-con e-parent\" data-id=\"f30e18e\" data-element_type=\"container\" data-settings=\"{&quot;ekit_has_onepagescroll_dot&quot;:&quot;yes&quot;}\">\n\t\t\t\t\t<div class=\"e-con-inner\">\n\t\t\t\t<div class=\"elementor-element elementor-element-8c35aa1 elementor-widget elementor-widget-video\" data-id=\"8c35aa1\" data-element_type=\"widget\" data-settings=\"{&quot;video_type&quot;:&quot;hosted&quot;,&quot;autoplay&quot;:&quot;yes&quot;,&quot;play_on_mobile&quot;:&quot;yes&quot;,&quot;loop&quot;:&quot;yes&quot;,&quot;ekit_we_effect_on&quot;:&quot;none&quot;}\" data-widget_type=\"video.default\">\n\t\t\t\t\t\t\t<div class=\"e-hosted-video elementor-wrapper elementor-open-inline\">\n\t\t\t\t\t<video class=\"elementor-video\" src=\"https:\/\/sweetsalt.productions\/wp-content\/uploads\/2025\/10\/temp_work_reel_2025_v1.mp4\" autoplay=\"\" loop=\"\" playsinline=\"\" controlsList=\"nodownload\"><\/video>\n\t\t\t\t<\/div>\n\t\t\t\t\t\t<\/div>\n\t\t\t\t\t<\/div>\n\t\t\t\t<\/div>\n\t\t<div class=\"elementor-element elementor-element-8a1b0b4 e-flex e-con-boxed wpr-particle-no wpr-jarallax-no wpr-parallax-no wpr-sticky-section-no e-con e-parent\" data-id=\"8a1b0b4\" data-element_type=\"container\" data-settings=\"{&quot;ekit_has_onepagescroll_dot&quot;:&quot;yes&quot;}\">\n\t\t\t\t\t<div class=\"e-con-inner\">\n\t\t\t\t<div class=\"elementor-element elementor-element-e58274f elementor-invisible elementor-widget elementor-widget-heading\" data-id=\"e58274f\" data-element_type=\"widget\" data-settings=\"{&quot;_animation&quot;:&quot;fadeInRight&quot;,&quot;ekit_we_effect_on&quot;:&quot;none&quot;}\" data-widget_type=\"heading.default\">\n\t\t\t\t\t<h2 class=\"elementor-heading-title elementor-size-default\">propuls\u00e9 par l'IA, <br class=\"mobile-break\">guid\u00e9 par l'humain.<\/h2>\t\t\t\t<\/div>\n\t\t\t\t\t<\/div>\n\t\t\t\t<\/div>\n\t\t<div class=\"elementor-element elementor-element-ec9e951 e-flex e-con-boxed wpr-particle-no wpr-jarallax-no wpr-parallax-no wpr-sticky-section-no e-con e-parent\" data-id=\"ec9e951\" data-element_type=\"container\" data-settings=\"{&quot;ekit_has_onepagescroll_dot&quot;:&quot;yes&quot;}\">\n\t\t\t\t\t<div class=\"e-con-inner\">\n\t\t\t\t<div class=\"elementor-element elementor-element-48a6db0 elementor-widget-mobile__width-initial elementor-invisible elementor-widget elementor-widget-heading\" data-id=\"48a6db0\" data-element_type=\"widget\" data-settings=\"{&quot;_animation&quot;:&quot;fadeIn&quot;,&quot;ekit_we_effect_on&quot;:&quot;none&quot;}\" data-widget_type=\"heading.default\">\n\t\t\t\t\t<div class=\"elementor-heading-title elementor-size-default\">notre processus<\/div>\t\t\t\t<\/div>\n\t\t\t\t<div class=\"elementor-element elementor-element-5b1750f elementor-invisible elementor-widget elementor-widget-text-editor\" data-id=\"5b1750f\" data-element_type=\"widget\" data-settings=\"{&quot;_animation&quot;:&quot;fadeInUp&quot;,&quot;ekit_we_effect_on&quot;:&quot;none&quot;}\" data-widget_type=\"text-editor.default\">\n\t\t\t\t\t\t\t\t\t<p>Nous utilisons le meilleur de la technologie actuelle, qu&rsquo;il s&rsquo;agisse de production enti\u00e8rement bas\u00e9e sur l&rsquo;IA ou de flux de travail hybrides qui fusionnent des performances r\u00e9elles avec des univers, des effets et des \u00e9l\u00e9ments g\u00e9n\u00e9r\u00e9s par l&rsquo;IA. Cela nous permet de capturer l&rsquo;\u00e9motion humaine brute tout en poussant les histoires vers des domaines extraordinaires. <\/p><p>Dans notre processus, de v\u00e9ritables superviseurs VFX s&rsquo;assurent que chaque d\u00e9tail est parfait. Parfois, nous cr\u00e9ons des personnages de toutes pi\u00e8ces et y transposons la performance d&rsquo;un acteur. D&rsquo;autres fois, nous engageons des acteurs r\u00e9els et int\u00e9grons harmonieusement leur pr\u00e9sence dans des environnements g\u00e9n\u00e9r\u00e9s par l&rsquo;IA. Dans tous les cas, c&rsquo;est la cr\u00e9ativit\u00e9 humaine qui guide l&rsquo;innovation.   <\/p>\t\t\t\t\t\t\t\t<\/div>\n\t\t\t\t\t<\/div>\n\t\t\t\t<\/div>\n\t\t<div class=\"elementor-element elementor-element-a888f5c e-con-full e-flex wpr-particle-no wpr-jarallax-no wpr-parallax-no wpr-sticky-section-no e-con e-parent\" data-id=\"a888f5c\" data-element_type=\"container\" data-settings=\"{&quot;background_background&quot;:&quot;classic&quot;,&quot;ekit_has_onepagescroll_dot&quot;:&quot;yes&quot;}\">\n\t\t\t\t<\/div>\n\t\t\t\t<\/div>\n\t\t","protected":false},"excerpt":{"rendered":"<p>https:\/\/sweetsalt.productions\/wp-content\/uploads\/2025\/10\/temp_work_reel_2025_v1.mp4 propuls\u00e9 par l&rsquo;IA, guid\u00e9 par l&rsquo;humain. notre processus Nous utilisons le meilleur de la technologie actuelle, qu&rsquo;il s&rsquo;agisse de production enti\u00e8rement bas\u00e9e sur l&rsquo;IA ou de flux de travail hybrides qui fusionnent des performances r\u00e9elles avec des univers, des effets et des \u00e9l\u00e9ments g\u00e9n\u00e9r\u00e9s par l&rsquo;IA. Cela nous permet de capturer l&rsquo;\u00e9motion humaine brute tout en poussant les histoires vers des domaines extraordinaires. Dans notre processus, de v\u00e9ritables superviseurs VFX s&rsquo;assurent que chaque d\u00e9tail est parfait. Parfois, nous cr\u00e9ons des personnages de toutes pi\u00e8ces et y transposons la performance d&rsquo;un acteur. D&rsquo;autres fois, nous engageons des acteurs r\u00e9els et int\u00e9grons harmonieusement leur pr\u00e9sence dans des environnements g\u00e9n\u00e9r\u00e9s par l&rsquo;IA. Dans tous les cas, c&rsquo;est la cr\u00e9ativit\u00e9 humaine qui guide l&rsquo;innovation.<\/p>\n","protected":false},"author":2,"featured_media":0,"parent":0,"menu_order":0,"comment_status":"closed","ping_status":"closed","template":"elementor_canvas","meta":{"footnotes":""},"class_list":["post-2271","page","type-page","status-publish","hentry"],"_hostinger_reach_plugin_has_subscription_block":false,"_hostinger_reach_plugin_is_elementor":false,"acf":[],"_links":{"self":[{"href":"https:\/\/sweetsalt.productions\/fr\/wp-json\/wp\/v2\/pages\/2271","targetHints":{"allow":["GET"]}}],"collection":[{"href":"https:\/\/sweetsalt.productions\/fr\/wp-json\/wp\/v2\/pages"}],"about":[{"href":"https:\/\/sweetsalt.productions\/fr\/wp-json\/wp\/v2\/types\/page"}],"author":[{"embeddable":true,"href":"https:\/\/sweetsalt.productions\/fr\/wp-json\/wp\/v2\/users\/2"}],"replies":[{"embeddable":true,"href":"https:\/\/sweetsalt.productions\/fr\/wp-json\/wp\/v2\/comments?post=2271"}],"version-history":[{"count":1,"href":"https:\/\/sweetsalt.productions\/fr\/wp-json\/wp\/v2\/pages\/2271\/revisions"}],"predecessor-version":[{"id":2296,"href":"https:\/\/sweetsalt.productions\/fr\/wp-json\/wp\/v2\/pages\/2271\/revisions\/2296"}],"wp:attachment":[{"href":"https:\/\/sweetsalt.productions\/fr\/wp-json\/wp\/v2\/media?parent=2271"}],"curies":[{"name":"wp","href":"https:\/\/api.w.org\/{rel}","templated":true}]}}